{"id":164,"date":"2020-03-04T00:01:20","date_gmt":"2020-03-04T00:01:20","guid":{"rendered":"http:\/\/lewiswhitetraducciones.com\/?page_id=164"},"modified":"2021-04-11T22:24:29","modified_gmt":"2021-04-11T22:24:29","slug":"resenas-de-clientes","status":"publish","type":"page","link":"https:\/\/lewiswhitetraducciones.com\/index.php\/resenas-de-clientes\/","title":{"rendered":"Rese\u00f1as de clientes"},"content":{"rendered":"\n<p>&#8220;Calidad de trabajo y una \u00e9tica excelentes. Solo tienes que decirle a Lewis una vez c\u00f3mo necesitas el trabajo y luego puedes relajarte. Muy recomendado.&#8221; &#8212; LangFort Worldwide Translation Services<\/p>\n\n\n\n<p>&#8220;Atento, profesional, y meticuloso. Uno de los cinco o seis traductores de espa\u00f1ol a ingl\u00e9s en ProZ en que conf\u00edo para transcripciones + traducciones de proyectos de video de alto volumen.&#8221; &#8212; Strommen Translations<\/p>\n\n\n\n<p>&#8220;Lewis hizo un trabajo excelente de subtitulado para nosotros, y entreg\u00f3 el proyecto sin demora. Indudablemente trabajar\u00edamos con \u00e9l otra vez.&#8221; &#8212; Orient Script Worldwide<\/p>\n\n\n\n<p>&#8220;Lewis era traductor muy r\u00e1pido y profesional. Se adapt\u00f3 f\u00e1cilmente a nuestras instrucciones de formato y entreg\u00f3 trabajo de calidad a tiempo. Recomendar\u00edamos absolutamente a Lewis para sus necesidades de traducci\u00f3n.&#8221; &#8212; Tela M.<\/p>\n\n\n\n<p>&#8220;\u00a1Un trabajo excelente! Hizo exactamente lo que necesitaba.&#8221; &#8212; Ed S.<\/p>\n\n\n\n<p>&#8220;Lewis (y Maricruz) eran muy amables y profesionales. Hicieron un gran trabajo en la transcripci\u00f3n de un video en espa\u00f1ol.&#8221; &#8212; Britton M.<\/p>\n\n\n\n<p>&#8220;Fue un placer trabajar con Lewis. Desde el principio, \u00e9l ten\u00eda mucho inter\u00e9s en hacer un trabajo excelente, y la comunicaci\u00f3n entre nosotros fue impecable&#8221; &#8212; Xavier J.<\/p>\n\n\n\n<p><a href=\"https:\/\/lewiswhitetraducciones.com\/index.php\/sobre-mi\/\" target=\"_blank\" rel=\"noreferrer noopener\">Aprender m\u00e1s de mi trabajo como traductor de espa\u00f1ol y lat\u00edn a ingl\u00e9s.<\/a><\/p>\n","protected":false},"excerpt":{"rendered":"<p>&#8220;Calidad de trabajo y una \u00e9tica excelentes. Solo tienes que decirle a Lewis una vez c\u00f3mo necesitas el trabajo y luego puedes relajarte. Muy recomendado.&#8221; &#8212; LangFort Worldwide Translation Services &#8220;Atento, profesional, y meticuloso. Uno de los cinco o seis traductores de espa\u00f1ol a ingl\u00e9s en ProZ en que conf\u00edo para transcripciones + traducciones de proyectos de video de alto volumen.&#8221; &#8212; Strommen Translations &#8220;Lewis hizo un trabajo excelente de subtitulado para nosotros, y entreg\u00f3 el proyecto sin demora. Indudablemente trabajar\u00edamos con \u00e9l otra vez.&#8221; &#8212; Orient Script Worldwide &#8220;Lewis era traductor muy r\u00e1pido y profesional. Se adapt\u00f3 f\u00e1cilmente a nuestras instrucciones de formato y entreg\u00f3 trabajo de calidad a tiempo. Recomendar\u00edamos absolutamente a Lewis para sus necesidades de traducci\u00f3n.&#8221; &#8212; Tela M. &#8220;\u00a1Un trabajo excelente! Hizo exactamente lo que necesitaba.&#8221; &#8212; Ed S. &#8220;Lewis (y Maricruz) eran muy amables y profesionales. Hicieron un gran trabajo en la transcripci\u00f3n de un video en espa\u00f1ol.&#8221; &#8212; Britton M. &#8220;Fue un placer trabajar con Lewis. Desde el principio, \u00e9l ten\u00eda mucho inter\u00e9s en hacer un trabajo excelente, y la comunicaci\u00f3n entre nosotros fue impecable&#8221; &#8212; Xavier J. Aprender m\u00e1s de mi trabajo como traductor de espa\u00f1ol y lat\u00edn a ingl\u00e9s.<\/p>\n","protected":false},"author":1,"featured_media":0,"parent":0,"menu_order":0,"comment_status":"closed","ping_status":"closed","template":"","meta":{"footnotes":""},"class_list":["post-164","page","type-page","status-publish","hentry"],"yoast_head":"<!-- This site is optimized with the Yoast SEO plugin v22.5 - https:\/\/yoast.com\/wordpress\/plugins\/seo\/ -->\n<title>Rese\u00f1as de clientes - Lewis White<\/title>\n<meta name=\"description\" content=\"Lo que dicen los clientes sobre el trabajo de Lewis.\" \/>\n<meta name=\"robots\" content=\"index, follow, max-snippet:-1, max-image-preview:large, max-video-preview:-1\" \/>\n<link rel=\"canonical\" href=\"https:\/\/lewiswhitetraducciones.com\/index.php\/resenas-de-clientes\/\" \/>\n<meta property=\"og:locale\" content=\"es_MX\" \/>\n<meta property=\"og:type\" content=\"article\" \/>\n<meta property=\"og:title\" content=\"Rese\u00f1as de clientes - Lewis White\" \/>\n<meta property=\"og:description\" content=\"Lo que dicen los clientes sobre el trabajo de Lewis.\" \/>\n<meta property=\"og:url\" content=\"https:\/\/lewiswhitetraducciones.com\/index.php\/resenas-de-clientes\/\" \/>\n<meta property=\"og:site_name\" content=\"Lewis White\" \/>\n<meta property=\"article:modified_time\" content=\"2021-04-11T22:24:29+00:00\" \/>\n<meta name=\"twitter:card\" content=\"summary_large_image\" \/>\n<meta name=\"twitter:label1\" content=\"Tiempo de lectura\" \/>\n\t<meta name=\"twitter:data1\" content=\"1 minuto\" \/>\n<script type=\"application\/ld+json\" class=\"yoast-schema-graph\">{\"@context\":\"https:\/\/schema.org\",\"@graph\":[{\"@type\":\"WebPage\",\"@id\":\"https:\/\/lewiswhitetraducciones.com\/index.php\/resenas-de-clientes\/\",\"url\":\"https:\/\/lewiswhitetraducciones.com\/index.php\/resenas-de-clientes\/\",\"name\":\"Rese\u00f1as de clientes - Lewis White\",\"isPartOf\":{\"@id\":\"https:\/\/lewiswhitetraducciones.com\/#website\"},\"datePublished\":\"2020-03-04T00:01:20+00:00\",\"dateModified\":\"2021-04-11T22:24:29+00:00\",\"description\":\"Lo que dicen los clientes sobre el trabajo de Lewis.\",\"breadcrumb\":{\"@id\":\"https:\/\/lewiswhitetraducciones.com\/index.php\/resenas-de-clientes\/#breadcrumb\"},\"inLanguage\":\"es\",\"potentialAction\":[{\"@type\":\"ReadAction\",\"target\":[\"https:\/\/lewiswhitetraducciones.com\/index.php\/resenas-de-clientes\/\"]}]},{\"@type\":\"BreadcrumbList\",\"@id\":\"https:\/\/lewiswhitetraducciones.com\/index.php\/resenas-de-clientes\/#breadcrumb\",\"itemListElement\":[{\"@type\":\"ListItem\",\"position\":1,\"name\":\"Inicio\",\"item\":\"https:\/\/lewiswhitetraducciones.com\/\"},{\"@type\":\"ListItem\",\"position\":2,\"name\":\"Rese\u00f1as de clientes\"}]},{\"@type\":\"WebSite\",\"@id\":\"https:\/\/lewiswhitetraducciones.com\/#website\",\"url\":\"https:\/\/lewiswhitetraducciones.com\/\",\"name\":\"Lewis White\",\"description\":\"Traducciones\",\"potentialAction\":[{\"@type\":\"SearchAction\",\"target\":{\"@type\":\"EntryPoint\",\"urlTemplate\":\"https:\/\/lewiswhitetraducciones.com\/?s={search_term_string}\"},\"query-input\":\"required name=search_term_string\"}],\"inLanguage\":\"es\"}]}<\/script>\n<!-- \/ Yoast SEO plugin. -->","yoast_head_json":{"title":"Rese\u00f1as de clientes - Lewis White","description":"Lo que dicen los clientes sobre el trabajo de Lewis.","robots":{"index":"index","follow":"follow","max-snippet":"max-snippet:-1","max-image-preview":"max-image-preview:large","max-video-preview":"max-video-preview:-1"},"canonical":"https:\/\/lewiswhitetraducciones.com\/index.php\/resenas-de-clientes\/","og_locale":"es_MX","og_type":"article","og_title":"Rese\u00f1as de clientes - Lewis White","og_description":"Lo que dicen los clientes sobre el trabajo de Lewis.","og_url":"https:\/\/lewiswhitetraducciones.com\/index.php\/resenas-de-clientes\/","og_site_name":"Lewis White","article_modified_time":"2021-04-11T22:24:29+00:00","twitter_card":"summary_large_image","twitter_misc":{"Tiempo de lectura":"1 minuto"},"schema":{"@context":"https:\/\/schema.org","@graph":[{"@type":"WebPage","@id":"https:\/\/lewiswhitetraducciones.com\/index.php\/resenas-de-clientes\/","url":"https:\/\/lewiswhitetraducciones.com\/index.php\/resenas-de-clientes\/","name":"Rese\u00f1as de clientes - Lewis White","isPartOf":{"@id":"https:\/\/lewiswhitetraducciones.com\/#website"},"datePublished":"2020-03-04T00:01:20+00:00","dateModified":"2021-04-11T22:24:29+00:00","description":"Lo que dicen los clientes sobre el trabajo de Lewis.","breadcrumb":{"@id":"https:\/\/lewiswhitetraducciones.com\/index.php\/resenas-de-clientes\/#breadcrumb"},"inLanguage":"es","potentialAction":[{"@type":"ReadAction","target":["https:\/\/lewiswhitetraducciones.com\/index.php\/resenas-de-clientes\/"]}]},{"@type":"BreadcrumbList","@id":"https:\/\/lewiswhitetraducciones.com\/index.php\/resenas-de-clientes\/#breadcrumb","itemListElement":[{"@type":"ListItem","position":1,"name":"Inicio","item":"https:\/\/lewiswhitetraducciones.com\/"},{"@type":"ListItem","position":2,"name":"Rese\u00f1as de clientes"}]},{"@type":"WebSite","@id":"https:\/\/lewiswhitetraducciones.com\/#website","url":"https:\/\/lewiswhitetraducciones.com\/","name":"Lewis White","description":"Traducciones","potentialAction":[{"@type":"SearchAction","target":{"@type":"EntryPoint","urlTemplate":"https:\/\/lewiswhitetraducciones.com\/?s={search_term_string}"},"query-input":"required name=search_term_string"}],"inLanguage":"es"}]}},"_links":{"self":[{"href":"https:\/\/lewiswhitetraducciones.com\/index.php\/wp-json\/wp\/v2\/pages\/164","targetHints":{"allow":["GET"]}}],"collection":[{"href":"https:\/\/lewiswhitetraducciones.com\/index.php\/wp-json\/wp\/v2\/pages"}],"about":[{"href":"https:\/\/lewiswhitetraducciones.com\/index.php\/wp-json\/wp\/v2\/types\/page"}],"author":[{"embeddable":true,"href":"https:\/\/lewiswhitetraducciones.com\/index.php\/wp-json\/wp\/v2\/users\/1"}],"replies":[{"embeddable":true,"href":"https:\/\/lewiswhitetraducciones.com\/index.php\/wp-json\/wp\/v2\/comments?post=164"}],"version-history":[{"count":4,"href":"https:\/\/lewiswhitetraducciones.com\/index.php\/wp-json\/wp\/v2\/pages\/164\/revisions"}],"predecessor-version":[{"id":242,"href":"https:\/\/lewiswhitetraducciones.com\/index.php\/wp-json\/wp\/v2\/pages\/164\/revisions\/242"}],"wp:attachment":[{"href":"https:\/\/lewiswhitetraducciones.com\/index.php\/wp-json\/wp\/v2\/media?parent=164"}],"curies":[{"name":"wp","href":"https:\/\/api.w.org\/{rel}","templated":true}]}}