{"id":5,"date":"2019-08-31T23:41:57","date_gmt":"2019-08-31T23:41:57","guid":{"rendered":"http:\/\/lewiswhitetraducciones.com\/?page_id=5"},"modified":"2021-04-08T23:43:04","modified_gmt":"2021-04-08T23:43:04","slug":"traductor-de-ingles-en-oaxaca","status":"publish","type":"page","link":"https:\/\/lewiswhitetraducciones.com\/","title":{"rendered":"Traductor de ingl\u00e9s en Oaxaca"},"content":{"rendered":"\n<p>Traductor de ingl\u00e9s en Oaxaca disponible tanto para traducciones de documentos de espa\u00f1ol a ingl\u00e9s como de ingl\u00e9s a espa\u00f1ol. Especializaciones incluyen art\u00edculos acad\u00e9micos, t\u00e9cnicos, de cultura y literatura, y documentos oficiales. Tambi\u00e9n se ofrecen traducciones del idioma lat\u00edn. <\/p>\n\n\n\n<p>Puedo traducir lo siguiente:<\/p>\n\n\n\n<div class=\"wp-block-image\"><figure class=\"alignright is-resized\"><img fetchpriority=\"high\" decoding=\"async\" src=\"http:\/\/lewiswhitetraducciones.com\/wp-content\/uploads\/2019\/09\/writing-1149962__340-e1567444073969.jpg\" alt=\"Servicios de traducci\u00f3n entre espa\u00f1ol, ingl\u00e9s, y lat\u00edn en Oaxaca\" class=\"wp-image-67\" width=\"417\" height=\"152\" srcset=\"https:\/\/lewiswhitetraducciones.com\/wp-content\/uploads\/2019\/09\/writing-1149962__340-e1567444073969.jpg 507w, https:\/\/lewiswhitetraducciones.com\/wp-content\/uploads\/2019\/09\/writing-1149962__340-e1567444073969-300x109.jpg 300w\" sizes=\"(max-width: 417px) 100vw, 417px\" \/><\/figure><\/div>\n\n\n\n<ul class=\"wp-block-list\"><li>sitios web<\/li><li>t\u00edtulos y expedientes acad\u00e9micos<\/li><li>subt\u00edtulos (transcripci\u00f3n y traducci\u00f3n)<\/li><li>mercadotecnia<\/li><li>manuales t\u00e9cnicos<\/li><li>ficci\u00f3n<\/li><li>art\u00edculos para publicaci\u00f3n en revistas acad\u00e9micas<\/li><li>traducciones certificadas para inmigraci\u00f3n<\/li><li>audiovisual<\/li><li>traducciones legales, como contratos de arrendamiento, declaraciones juradas, y contratos de promesa de compraventa<\/li><li>traducciones de actas de nacimiento y otros documentos de registro civil<\/li><\/ul>\n\n\n\n<p>Favor de referirse a esta <a href=\"https:\/\/lewiswhitetraducciones.com\/index.php\/sobre-mi\/\" target=\"_blank\" rel=\"noreferrer noopener\">lista de traducciones de espa\u00f1ol a ingl\u00e9s y de lat\u00edn a ingl\u00e9s que he realizado recientemente.<\/a><\/p>\n\n\n\n<p>Mi meta es realizar traducciones de calidad. Reconozco la importancia de investigar a fondo los temas, tanto en espa\u00f1ol como en ingl\u00e9s, de lo que estoy traduciendo. Me apoyo constantemente al <em>Chicago Manual of Style<\/em> y de otros recursos relevantes, dependiendo del art\u00edculo y\/o revista. Me considero traductor eficiente, pero la rapidez nunca deber\u00eda impedir la precisi\u00f3n y belleza de una traducci\u00f3n. \u00a1Quiero ser tu traductor de ingl\u00e9s en Oaxaca!<\/p>\n\n\n\n<p>Se puede <a href=\"https:\/\/lewiswhitetraducciones.com\/index.php\/contacto\/\" target=\"_blank\" rel=\"noreferrer noopener\">obtener una cotizaci\u00f3n de traducci\u00f3n aqu\u00ed<\/a>. Tambi\u00e9n se me puede contactar directamente sin compromiso: info@lewiswhitetraducciones.com. <\/p>\n\n\n\n<p>Normalmente contesto el mismo d\u00eda.<\/p>\n\n\n\n<figure class=\"wp-block-gallery columns-0 is-cropped wp-block-gallery-1 is-layout-flex wp-block-gallery-is-layout-flex\"><ul class=\"blocks-gallery-grid\"><\/ul><\/figure>\n\n\n\n<p><\/p>\n","protected":false},"excerpt":{"rendered":"<p>Traductor de ingl\u00e9s en Oaxaca disponible tanto para traducciones de documentos de espa\u00f1ol a ingl\u00e9s como de ingl\u00e9s a espa\u00f1ol. Especializaciones incluyen art\u00edculos acad\u00e9micos, t\u00e9cnicos, de cultura y literatura, y documentos oficiales. Tambi\u00e9n se ofrecen traducciones del idioma lat\u00edn. Puedo traducir lo siguiente: sitios web t\u00edtulos y expedientes acad\u00e9micos subt\u00edtulos (transcripci\u00f3n y traducci\u00f3n) mercadotecnia manuales t\u00e9cnicos ficci\u00f3n art\u00edculos para publicaci\u00f3n en revistas acad\u00e9micas traducciones certificadas para inmigraci\u00f3n audiovisual traducciones legales, como contratos de arrendamiento, declaraciones juradas, y contratos de promesa de compraventa traducciones de actas de nacimiento y otros documentos de registro civil Favor de referirse a esta lista de traducciones de espa\u00f1ol a ingl\u00e9s y de lat\u00edn a ingl\u00e9s que he realizado recientemente. Mi meta es realizar traducciones de calidad. Reconozco la importancia de investigar a fondo los temas, tanto en espa\u00f1ol como en ingl\u00e9s, de lo que estoy traduciendo. Me apoyo constantemente al Chicago Manual of Style y de otros recursos relevantes, dependiendo del art\u00edculo y\/o revista. Me considero traductor eficiente, pero la rapidez nunca deber\u00eda impedir la precisi\u00f3n y belleza de una traducci\u00f3n. \u00a1Quiero ser tu traductor de ingl\u00e9s en Oaxaca! Se puede obtener una cotizaci\u00f3n de traducci\u00f3n aqu\u00ed. Tambi\u00e9n se me puede contactar directamente sin compromiso: info@lewiswhitetraducciones.com. Normalmente contesto el mismo d\u00eda.<\/p>\n","protected":false},"author":1,"featured_media":0,"parent":0,"menu_order":0,"comment_status":"closed","ping_status":"closed","template":"","meta":{"footnotes":""},"class_list":["post-5","page","type-page","status-publish","hentry"],"yoast_head":"<!-- This site is optimized with the Yoast SEO plugin v22.5 - https:\/\/yoast.com\/wordpress\/plugins\/seo\/ -->\n<title>Traductor de ingl\u00e9s en Oaxaca - Traducciones entre ingl\u00e9s, espa\u00f1ol, y lat\u00edn<\/title>\n<meta name=\"description\" content=\"Traductor en Oaxaca trabajando entre espa\u00f1ol, ingl\u00e9s, y lat\u00edn. Se ofrecen traducciones certificadas, acad\u00e9micas, audiovisuales, t\u00e9cnicas, y m\u00e1s.\" \/>\n<meta name=\"robots\" content=\"index, follow, max-snippet:-1, max-image-preview:large, max-video-preview:-1\" \/>\n<link rel=\"canonical\" href=\"https:\/\/lewiswhitetraducciones.com\/\" \/>\n<meta property=\"og:locale\" content=\"es_MX\" \/>\n<meta property=\"og:type\" content=\"article\" \/>\n<meta property=\"og:title\" content=\"Traductor de ingl\u00e9s en Oaxaca - Traducciones entre ingl\u00e9s, espa\u00f1ol, y lat\u00edn\" \/>\n<meta property=\"og:description\" content=\"Traductor en Oaxaca trabajando entre espa\u00f1ol, ingl\u00e9s, y lat\u00edn. Se ofrecen traducciones certificadas, acad\u00e9micas, audiovisuales, t\u00e9cnicas, y m\u00e1s.\" \/>\n<meta property=\"og:url\" content=\"https:\/\/lewiswhitetraducciones.com\/\" \/>\n<meta property=\"og:site_name\" content=\"Lewis White\" \/>\n<meta property=\"article:modified_time\" content=\"2021-04-08T23:43:04+00:00\" \/>\n<meta property=\"og:image\" content=\"http:\/\/lewiswhitetraducciones.com\/wp-content\/uploads\/2019\/09\/writing-1149962__340-e1567444073969.jpg\" \/>\n<meta name=\"twitter:card\" content=\"summary_large_image\" \/>\n<meta name=\"twitter:label1\" content=\"Tiempo de lectura\" \/>\n\t<meta name=\"twitter:data1\" content=\"2 minutos\" \/>\n<script type=\"application\/ld+json\" class=\"yoast-schema-graph\">{\"@context\":\"https:\/\/schema.org\",\"@graph\":[{\"@type\":\"WebPage\",\"@id\":\"https:\/\/lewiswhitetraducciones.com\/\",\"url\":\"https:\/\/lewiswhitetraducciones.com\/\",\"name\":\"Traductor de ingl\u00e9s en Oaxaca - Traducciones entre ingl\u00e9s, espa\u00f1ol, y lat\u00edn\",\"isPartOf\":{\"@id\":\"https:\/\/lewiswhitetraducciones.com\/#website\"},\"primaryImageOfPage\":{\"@id\":\"https:\/\/lewiswhitetraducciones.com\/#primaryimage\"},\"image\":{\"@id\":\"https:\/\/lewiswhitetraducciones.com\/#primaryimage\"},\"thumbnailUrl\":\"http:\/\/lewiswhitetraducciones.com\/wp-content\/uploads\/2019\/09\/writing-1149962__340-e1567444073969.jpg\",\"datePublished\":\"2019-08-31T23:41:57+00:00\",\"dateModified\":\"2021-04-08T23:43:04+00:00\",\"description\":\"Traductor en Oaxaca trabajando entre espa\u00f1ol, ingl\u00e9s, y lat\u00edn. Se ofrecen traducciones certificadas, acad\u00e9micas, audiovisuales, t\u00e9cnicas, y m\u00e1s.\",\"breadcrumb\":{\"@id\":\"https:\/\/lewiswhitetraducciones.com\/#breadcrumb\"},\"inLanguage\":\"es\",\"potentialAction\":[{\"@type\":\"ReadAction\",\"target\":[\"https:\/\/lewiswhitetraducciones.com\/\"]}]},{\"@type\":\"ImageObject\",\"inLanguage\":\"es\",\"@id\":\"https:\/\/lewiswhitetraducciones.com\/#primaryimage\",\"url\":\"http:\/\/lewiswhitetraducciones.com\/wp-content\/uploads\/2019\/09\/writing-1149962__340-e1567444073969.jpg\",\"contentUrl\":\"http:\/\/lewiswhitetraducciones.com\/wp-content\/uploads\/2019\/09\/writing-1149962__340-e1567444073969.jpg\"},{\"@type\":\"BreadcrumbList\",\"@id\":\"https:\/\/lewiswhitetraducciones.com\/#breadcrumb\",\"itemListElement\":[{\"@type\":\"ListItem\",\"position\":1,\"name\":\"Inicio\",\"item\":\"https:\/\/lewiswhitetraducciones.com\/\"},{\"@type\":\"ListItem\",\"position\":2,\"name\":\"Traductor de ingl\u00e9s en Oaxaca\"}]},{\"@type\":\"WebSite\",\"@id\":\"https:\/\/lewiswhitetraducciones.com\/#website\",\"url\":\"https:\/\/lewiswhitetraducciones.com\/\",\"name\":\"Lewis White\",\"description\":\"Traducciones\",\"potentialAction\":[{\"@type\":\"SearchAction\",\"target\":{\"@type\":\"EntryPoint\",\"urlTemplate\":\"https:\/\/lewiswhitetraducciones.com\/?s={search_term_string}\"},\"query-input\":\"required name=search_term_string\"}],\"inLanguage\":\"es\"}]}<\/script>\n<!-- \/ Yoast SEO plugin. -->","yoast_head_json":{"title":"Traductor de ingl\u00e9s en Oaxaca - Traducciones entre ingl\u00e9s, espa\u00f1ol, y lat\u00edn","description":"Traductor en Oaxaca trabajando entre espa\u00f1ol, ingl\u00e9s, y lat\u00edn. Se ofrecen traducciones certificadas, acad\u00e9micas, audiovisuales, t\u00e9cnicas, y m\u00e1s.","robots":{"index":"index","follow":"follow","max-snippet":"max-snippet:-1","max-image-preview":"max-image-preview:large","max-video-preview":"max-video-preview:-1"},"canonical":"https:\/\/lewiswhitetraducciones.com\/","og_locale":"es_MX","og_type":"article","og_title":"Traductor de ingl\u00e9s en Oaxaca - Traducciones entre ingl\u00e9s, espa\u00f1ol, y lat\u00edn","og_description":"Traductor en Oaxaca trabajando entre espa\u00f1ol, ingl\u00e9s, y lat\u00edn. Se ofrecen traducciones certificadas, acad\u00e9micas, audiovisuales, t\u00e9cnicas, y m\u00e1s.","og_url":"https:\/\/lewiswhitetraducciones.com\/","og_site_name":"Lewis White","article_modified_time":"2021-04-08T23:43:04+00:00","og_image":[{"url":"http:\/\/lewiswhitetraducciones.com\/wp-content\/uploads\/2019\/09\/writing-1149962__340-e1567444073969.jpg"}],"twitter_card":"summary_large_image","twitter_misc":{"Tiempo de lectura":"2 minutos"},"schema":{"@context":"https:\/\/schema.org","@graph":[{"@type":"WebPage","@id":"https:\/\/lewiswhitetraducciones.com\/","url":"https:\/\/lewiswhitetraducciones.com\/","name":"Traductor de ingl\u00e9s en Oaxaca - Traducciones entre ingl\u00e9s, espa\u00f1ol, y lat\u00edn","isPartOf":{"@id":"https:\/\/lewiswhitetraducciones.com\/#website"},"primaryImageOfPage":{"@id":"https:\/\/lewiswhitetraducciones.com\/#primaryimage"},"image":{"@id":"https:\/\/lewiswhitetraducciones.com\/#primaryimage"},"thumbnailUrl":"http:\/\/lewiswhitetraducciones.com\/wp-content\/uploads\/2019\/09\/writing-1149962__340-e1567444073969.jpg","datePublished":"2019-08-31T23:41:57+00:00","dateModified":"2021-04-08T23:43:04+00:00","description":"Traductor en Oaxaca trabajando entre espa\u00f1ol, ingl\u00e9s, y lat\u00edn. Se ofrecen traducciones certificadas, acad\u00e9micas, audiovisuales, t\u00e9cnicas, y m\u00e1s.","breadcrumb":{"@id":"https:\/\/lewiswhitetraducciones.com\/#breadcrumb"},"inLanguage":"es","potentialAction":[{"@type":"ReadAction","target":["https:\/\/lewiswhitetraducciones.com\/"]}]},{"@type":"ImageObject","inLanguage":"es","@id":"https:\/\/lewiswhitetraducciones.com\/#primaryimage","url":"http:\/\/lewiswhitetraducciones.com\/wp-content\/uploads\/2019\/09\/writing-1149962__340-e1567444073969.jpg","contentUrl":"http:\/\/lewiswhitetraducciones.com\/wp-content\/uploads\/2019\/09\/writing-1149962__340-e1567444073969.jpg"},{"@type":"BreadcrumbList","@id":"https:\/\/lewiswhitetraducciones.com\/#breadcrumb","itemListElement":[{"@type":"ListItem","position":1,"name":"Inicio","item":"https:\/\/lewiswhitetraducciones.com\/"},{"@type":"ListItem","position":2,"name":"Traductor de ingl\u00e9s en Oaxaca"}]},{"@type":"WebSite","@id":"https:\/\/lewiswhitetraducciones.com\/#website","url":"https:\/\/lewiswhitetraducciones.com\/","name":"Lewis White","description":"Traducciones","potentialAction":[{"@type":"SearchAction","target":{"@type":"EntryPoint","urlTemplate":"https:\/\/lewiswhitetraducciones.com\/?s={search_term_string}"},"query-input":"required name=search_term_string"}],"inLanguage":"es"}]}},"_links":{"self":[{"href":"https:\/\/lewiswhitetraducciones.com\/index.php\/wp-json\/wp\/v2\/pages\/5","targetHints":{"allow":["GET"]}}],"collection":[{"href":"https:\/\/lewiswhitetraducciones.com\/index.php\/wp-json\/wp\/v2\/pages"}],"about":[{"href":"https:\/\/lewiswhitetraducciones.com\/index.php\/wp-json\/wp\/v2\/types\/page"}],"author":[{"embeddable":true,"href":"https:\/\/lewiswhitetraducciones.com\/index.php\/wp-json\/wp\/v2\/users\/1"}],"replies":[{"embeddable":true,"href":"https:\/\/lewiswhitetraducciones.com\/index.php\/wp-json\/wp\/v2\/comments?post=5"}],"version-history":[{"count":11,"href":"https:\/\/lewiswhitetraducciones.com\/index.php\/wp-json\/wp\/v2\/pages\/5\/revisions"}],"predecessor-version":[{"id":225,"href":"https:\/\/lewiswhitetraducciones.com\/index.php\/wp-json\/wp\/v2\/pages\/5\/revisions\/225"}],"wp:attachment":[{"href":"https:\/\/lewiswhitetraducciones.com\/index.php\/wp-json\/wp\/v2\/media?parent=5"}],"curies":[{"name":"wp","href":"https:\/\/api.w.org\/{rel}","templated":true}]}}